{"id":156,"date":"2015-07-16T09:12:51","date_gmt":"2015-07-16T09:12:51","guid":{"rendered":"http:\/\/test.kriesi.at\/minimal-portfolio\/?page_id=156"},"modified":"2025-06-23T16:17:27","modified_gmt":"2025-06-23T14:17:27","slug":"contact","status":"publish","type":"page","link":"https:\/\/nowa.mikroogrody.pl\/index.php\/contact\/","title":{"rendered":"Kontakt"},"content":{"rendered":"\n<div id='av_section_1'  class='avia-section av-ajxl8-e24f44889df96ae327d7d2bbb313cf76 main_color avia-section-huge avia-no-border-styling  avia-builder-el-1  el_after_av_google_map  avia-builder-el-last  avia-bg-style-scroll container_wrap fullsize'  ><div class='container av-section-cont-open' ><div class='template-page content  av-content-full alpha units'><div class='post-entry post-entry-type-page post-entry-156'><div class='entry-content-wrapper clearfix'>\n\n<style type=\"text\/css\" data-created_by=\"avia_inline_auto\" id=\"style-css-av-2qkkks-99f372c20b743aba81e1efa6d46e43bb\">\n#top .av-special-heading.av-2qkkks-99f372c20b743aba81e1efa6d46e43bb{\npadding-bottom:20px;\nfont-size:40px;\n}\nbody .av-special-heading.av-2qkkks-99f372c20b743aba81e1efa6d46e43bb .av-special-heading-tag .heading-char{\nfont-size:25px;\n}\n#top #wrap_all .av-special-heading.av-2qkkks-99f372c20b743aba81e1efa6d46e43bb .av-special-heading-tag{\nfont-size:40px;\n}\n.av-special-heading.av-2qkkks-99f372c20b743aba81e1efa6d46e43bb .av-subheading{\nfont-size:15px;\n}\n\n@media only screen and (min-width: 480px) and (max-width: 767px){ \n#top #wrap_all .av-special-heading.av-2qkkks-99f372c20b743aba81e1efa6d46e43bb .av-special-heading-tag{\nfont-size:0.8em;\n}\n}\n\n@media only screen and (max-width: 479px){ \n#top #wrap_all .av-special-heading.av-2qkkks-99f372c20b743aba81e1efa6d46e43bb .av-special-heading-tag{\nfont-size:0.8em;\n}\n}\n<\/style>\n<div  class='av-special-heading av-2qkkks-99f372c20b743aba81e1efa6d46e43bb av-special-heading-h1 blockquote modern-quote modern-centered  avia-builder-el-2  el_before_av_one_fifth  avia-builder-el-first  av-inherit-size'><h1 class='av-special-heading-tag '  itemprop=\"headline\"  >Masz jakie\u015b pytania? <br \/>Skontaktuj si\u0119!<\/h1><div class=\"special-heading-border\"><div class=\"special-heading-inner-border\"><\/div><\/div><\/div>\n\n<style type=\"text\/css\" data-created_by=\"avia_inline_auto\" id=\"style-css-av-2kj3vg-10b904db03fee2a34b8e8c0911dab55d\">\n.flex_column.av-2kj3vg-10b904db03fee2a34b8e8c0911dab55d{\nborder-radius:0px 0px 0px 0px;\npadding:0px 0px 0px 0px;\n}\n<\/style>\n<div  class='flex_column av-2kj3vg-10b904db03fee2a34b8e8c0911dab55d av_one_fifth  avia-builder-el-3  el_after_av_heading  el_before_av_three_fifth  first flex_column_div av-zero-column-padding  '     ><\/div>\n<style type=\"text\/css\" data-created_by=\"avia_inline_auto\" id=\"style-css-av-2cfye4-d99109ddf2637a8383432597897ba59e\">\n.flex_column.av-2cfye4-d99109ddf2637a8383432597897ba59e{\nborder-radius:0px 0px 0px 0px;\npadding:0px 0px 0px 0px;\n}\n<\/style>\n<div  class='flex_column av-2cfye4-d99109ddf2637a8383432597897ba59e av_three_fifth  avia-builder-el-4  el_after_av_one_fifth  el_before_av_one_fifth  flex_column_div av-animated-generic bottom-to-top av-zero-column-padding  '     ><section  class='av_textblock_section av-28w9xw-89b86f9e7697d372ea47bc914f6a2e7f '   itemscope=\"itemscope\" itemtype=\"https:\/\/schema.org\/CreativeWork\" ><div class='avia_textblock'  itemprop=\"text\" ><p style=\"text-align: center;\">Zapraszamy do kontaktu poprzez formularz kontaktowy, mailowo lub telefonicznie<\/p>\n<\/div><\/section><br \/>\n\n<style type=\"text\/css\" data-created_by=\"avia_inline_auto\" id=\"style-css-av-23hvhg-1e4f382f8ff4c6795c53de96452cc954\">\n#top .hr.av-23hvhg-1e4f382f8ff4c6795c53de96452cc954{\nmargin-top:70px;\nmargin-bottom:70px;\n}\n.hr.av-23hvhg-1e4f382f8ff4c6795c53de96452cc954 .hr-inner{\nwidth:90px;\nmax-width:45%;\n}\n.hr.av-23hvhg-1e4f382f8ff4c6795c53de96452cc954 .av-seperator-icon{\ncolor:#e7b8b8;\n}\n<\/style>\n<div  class='hr av-23hvhg-1e4f382f8ff4c6795c53de96452cc954 hr-custom  avia-builder-el-6  el_after_av_textblock  avia-builder-el-last  hr-center hr-icon-yes'><span class='hr-inner inner-border-av-border-thin'><span class=\"hr-inner-style\"><\/span><\/span><span class='av-seperator-icon' aria-hidden='true' data-av_icon='\ue8b8' data-av_iconfont='entypo-fontello'><\/span><span class='hr-inner inner-border-av-border-thin'><span class=\"hr-inner-style\"><\/span><\/span><\/div><\/p><\/div>\n<style type=\"text\/css\" data-created_by=\"avia_inline_auto\" id=\"style-css-av-1y0uw4-9509c69af66b4d4cf5c00ae7b831f108\">\n.flex_column.av-1y0uw4-9509c69af66b4d4cf5c00ae7b831f108{\nborder-radius:0px 0px 0px 0px;\npadding:0px 0px 0px 0px;\n}\n<\/style>\n<div  class='flex_column av-1y0uw4-9509c69af66b4d4cf5c00ae7b831f108 av_one_fifth  avia-builder-el-7  el_after_av_three_fifth  el_before_av_one_half  flex_column_div av-zero-column-padding  '     ><\/div>\n<style type=\"text\/css\" data-created_by=\"avia_inline_auto\" id=\"style-css-av-1qx4vg-b29e0bb46509796e6d906b0175467311\">\n.flex_column.av-1qx4vg-b29e0bb46509796e6d906b0175467311{\nborder-radius:0px 0px 0px 0px;\npadding:0px 0px 0px 0px;\n}\n<\/style>\n<div  class='flex_column av-1qx4vg-b29e0bb46509796e6d906b0175467311 av_one_half  avia-builder-el-8  el_after_av_one_fifth  el_before_av_one_half  first flex_column_div av-zero-column-padding  column-top-margin'     ><p>\n<style type=\"text\/css\" data-created_by=\"avia_inline_auto\" id=\"style-css-av-1jf7a4-69bbd00fa0e2d58f01b45d91e7a11d20\">\n#top .av-special-heading.av-1jf7a4-69bbd00fa0e2d58f01b45d91e7a11d20{\npadding-bottom:10px;\n}\nbody .av-special-heading.av-1jf7a4-69bbd00fa0e2d58f01b45d91e7a11d20 .av-special-heading-tag .heading-char{\nfont-size:25px;\n}\n.av-special-heading.av-1jf7a4-69bbd00fa0e2d58f01b45d91e7a11d20 .av-subheading{\nfont-size:15px;\n}\n<\/style>\n<div  class='av-special-heading av-1jf7a4-69bbd00fa0e2d58f01b45d91e7a11d20 av-special-heading-h3 blockquote modern-quote  avia-builder-el-9  el_before_av_textblock  avia-builder-el-first '><h3 class='av-special-heading-tag '  itemprop=\"headline\"  >Jeste\u015bmy dla Was<\/h3><div class=\"special-heading-border\"><div class=\"special-heading-inner-border\"><\/div><\/div><\/div><br \/>\n<section  class='av_textblock_section av-570dg-6145e930a617bdba68067743cb72ace2 '   itemscope=\"itemscope\" itemtype=\"https:\/\/schema.org\/CreativeWork\" ><div class='avia_textblock'  itemprop=\"text\" ><p><strong>Rzesz\u00f3w \/ Krak\u00f3w<\/strong><br \/>\nPolska<\/p>\n<p><strong>biuro@mikroogrody.pl<\/strong><br \/>\n+48 516 289 720<\/p>\n<p>+ 48 510 331 742<\/p>\n<\/div><\/section><br \/>\n<section  class='av_textblock_section av-18ibrg-da1452db7af9376e16fab40d35fd9699 '   itemscope=\"itemscope\" itemtype=\"https:\/\/schema.org\/CreativeWork\" ><div class='avia_textblock'  itemprop=\"text\" ><p style=\"text-align: left;\">Zam\u00f3wienia przyjmujemy mailowo lub telefonicznie, czas oczekiwania zale\u017cny od wybranych kompozycji. Odbiory w\u0142asne w Rzeszowie i Krakowie.<\/p>\n<\/div><\/section><\/p><\/div>\n<style type=\"text\/css\" data-created_by=\"avia_inline_auto\" id=\"style-css-av-3ygz8-60cd4f9662b574afb3915152810378e6\">\n.flex_column.av-3ygz8-60cd4f9662b574afb3915152810378e6{\nborder-radius:0px 0px 0px 0px;\npadding:0px 0px 0px 0px;\n}\n<\/style>\n<div  class='flex_column av-3ygz8-60cd4f9662b574afb3915152810378e6 av_one_half  avia-builder-el-12  el_after_av_one_half  avia-builder-el-last  flex_column_div av-zero-column-padding  column-top-margin'     ><form action=\"https:\/\/nowa.mikroogrody.pl\/index.php\/contact\/\" method=\"post\" data-fields-with-error=\"Found errors in the following field(s):\" class=\"avia_ajax_form av-form-labels-hidden   avia-builder-el-13  avia-builder-el-no-sibling   \" data-avia-form-id=\"1\" data-avia-redirect=''  aria-label='Formularz kontaktowy' ><fieldset><p class='  first_form  form_element form_element_third' id='element_avia_1_1'><label for=\"avia_1_1\">Imi\u0119 <abbr class=\"required\" title=\"required\">*<\/abbr><\/label> <input name=\"avia_1_1\" class=\"text_input is_empty\" type=\"text\" id=\"avia_1_1\" value=\"\"  placeholder='Imi\u0119*'\/><\/p><p class='  form_element form_element_third' id='element_avia_2_1'><label for=\"avia_2_1\">E-Mail <abbr class=\"required\" title=\"required\">*<\/abbr><\/label> <input name=\"avia_2_1\" class=\"text_input is_email\" type=\"text\" id=\"avia_2_1\" value=\"\"  placeholder='E-Mail*'\/><\/p><p class='  form_element form_element_third' id='element_avia_3_1'><label for=\"avia_3_1\">Temat <abbr class=\"required\" title=\"required\">*<\/abbr><\/label> <input name=\"avia_3_1\" class=\"text_input is_empty\" type=\"text\" id=\"avia_3_1\" value=\"\"  placeholder='Temat*'\/><\/p><p class='  first_form  form_element form_fullwidth av-last-visible-form-element' id='element_avia_4_1'><label for=\"avia_4_1\" class=\"textare_label hidden textare_label_avia_4_1\">Wiadomo\u015b\u0107 <abbr class=\"required\" title=\"required\">*<\/abbr><\/label><textarea  placeholder='Wiadomo\u015b\u0107*' name=\"avia_4_1\" class=\"text_area is_empty\" cols=\"40\" rows=\"7\" id=\"avia_4_1\" ><\/textarea><\/p><p class=\"hidden\"><input type=\"text\" name=\"avia_5_1\" class=\"hidden \" id=\"avia_5_1\" value=\"\" \/><\/p><p class=\"form_element \"><input type=\"hidden\" value=\"1\" name=\"avia_generated_form1\" \/><input type=\"submit\" value=\"Wy\u015blij\" class=\"button\"  data-sending-label=\"Trwa wysy\u0142anie...\"\/><\/p><\/fieldset><\/form><div id=\"ajaxresponse_1\" class=\"ajaxresponse ajaxresponse_1 hidden\"><\/div><\/div>\n","protected":false},"excerpt":{"rendered":"","protected":false},"author":1,"featured_media":0,"parent":0,"menu_order":0,"comment_status":"open","ping_status":"closed","template":"","meta":{"footnotes":""},"class_list":["post-156","page","type-page","status-publish","hentry"],"_links":{"self":[{"href":"https:\/\/nowa.mikroogrody.pl\/index.php\/wp-json\/wp\/v2\/pages\/156","targetHints":{"allow":["GET"]}}],"collection":[{"href":"https:\/\/nowa.mikroogrody.pl\/index.php\/wp-json\/wp\/v2\/pages"}],"about":[{"href":"https:\/\/nowa.mikroogrody.pl\/index.php\/wp-json\/wp\/v2\/types\/page"}],"author":[{"embeddable":true,"href":"https:\/\/nowa.mikroogrody.pl\/index.php\/wp-json\/wp\/v2\/users\/1"}],"replies":[{"embeddable":true,"href":"https:\/\/nowa.mikroogrody.pl\/index.php\/wp-json\/wp\/v2\/comments?post=156"}],"version-history":[{"count":7,"href":"https:\/\/nowa.mikroogrody.pl\/index.php\/wp-json\/wp\/v2\/pages\/156\/revisions"}],"predecessor-version":[{"id":498,"href":"https:\/\/nowa.mikroogrody.pl\/index.php\/wp-json\/wp\/v2\/pages\/156\/revisions\/498"}],"wp:attachment":[{"href":"https:\/\/nowa.mikroogrody.pl\/index.php\/wp-json\/wp\/v2\/media?parent=156"}],"curies":[{"name":"wp","href":"https:\/\/api.w.org\/{rel}","templated":true}]}}